{"id":558,"date":"2016-01-13T17:48:37","date_gmt":"2016-01-13T17:48:37","guid":{"rendered":"http:\/\/demo-import.loc\/?page_id=558"},"modified":"2024-09-01T15:35:28","modified_gmt":"2024-09-01T13:35:28","slug":"services","status":"publish","type":"page","link":"https:\/\/moon-advisory.com\/index.php\/services\/","title":{"rendered":"Notre offre"},"content":{"rendered":"\t\t<div data-elementor-type=\"wp-page\" data-elementor-id=\"558\" class=\"elementor elementor-558\">\n\t\t\t\t\t\t<section class=\"elementor-section elementor-top-section elementor-element elementor-element-8391c6a elementor-section-boxed elementor-section-height-default elementor-section-height-default\" data-id=\"8391c6a\" data-element_type=\"section\" data-settings=\"{&quot;background_background&quot;:&quot;classic&quot;}\">\n\t\t\t\t\t\t<div class=\"elementor-container elementor-column-gap-default\">\n\t\t\t\t\t<div class=\"elementor-column elementor-col-100 elementor-top-column elementor-element elementor-element-8392476\" data-id=\"8392476\" data-element_type=\"column\">\n\t\t\t<div class=\"elementor-widget-wrap elementor-element-populated\">\n\t\t\t\t\t\t<div class=\"elementor-element elementor-element-8392ae9 elementor-widget elementor-widget-stm_services\" data-id=\"8392ae9\" data-element_type=\"widget\" data-widget_type=\"stm_services.default\">\n\t\t\t\t<div class=\"elementor-widget-container\">\n\t\t\t\n\n    <div class=\"stm_services consulting_elementor_services style_1 cols_3\">\n                    <div class=\"item\">\n                <div class=\"item_wr\">\n                                            \n                        <div class=\"item_thumbnail\">\n                            <a href=\"https:\/\/moon-advisory.com\/index.php\/service\/risques-finance\/\">\n                                <img src='https:\/\/moon-advisory.com\/wp-content\/uploads\/2024\/07\/portfolio-1-1.jpg' alt='' \/>                            <\/a>\n                                                    <\/div>\n                                                            <div class=\"content\" >\n                                                    <h5><a href=\"https:\/\/moon-advisory.com\/index.php\/service\/risques-finance\/\"  >Risques et finance<\/a><\/h5>\n                                                                                                    <p>Ma\u00eetrisez l\u2019incertitude et s\u00e9curisez vos processus gr\u00e2ce \u00e0 nos solutions alliant innovation et rigueur.<\/p>\n                                                                            <a class=\"read_more\"\n                               href=\"https:\/\/moon-advisory.com\/index.php\/service\/risques-finance\/\" >\n                                <span>read more<\/span>\n                                <i class=\"fa fa-chevron-right\"><\/i>\n                            <\/a>\n                                            <\/div>\n                <\/div>\n            <\/div>\n                    <div class=\"item\">\n                <div class=\"item_wr\">\n                                            \n                        <div class=\"item_thumbnail\">\n                            <a href=\"https:\/\/moon-advisory.com\/index.php\/service\/transformation-reglementaire-prudentielle\/\">\n                                <img src='https:\/\/moon-advisory.com\/wp-content\/uploads\/2024\/07\/meetings-1-1.jpg' alt='' \/>                            <\/a>\n                                                    <\/div>\n                                                            <div class=\"content\" >\n                                                    <h5><a href=\"https:\/\/moon-advisory.com\/index.php\/service\/transformation-reglementaire-prudentielle\/\"  >Transformation r\u00e9glementaire et prudentielle<\/a><\/h5>\n                                                                                                    <p>Naviguez avec confiance dans un paysage r\u00e9glementaire en constante \u00e9volution gr\u00e2ce \u00e0 notre expertise en transformation prudentielle.<\/p>\n                                                                            <a class=\"read_more\"\n                               href=\"https:\/\/moon-advisory.com\/index.php\/service\/transformation-reglementaire-prudentielle\/\" >\n                                <span>read more<\/span>\n                                <i class=\"fa fa-chevron-right\"><\/i>\n                            <\/a>\n                                            <\/div>\n                <\/div>\n            <\/div>\n                    <div class=\"item\">\n                <div class=\"item_wr\">\n                                            \n                        <div class=\"item_thumbnail\">\n                            <a href=\"https:\/\/moon-advisory.com\/index.php\/service\/conformite-controle-interne\/\">\n                                <img src='https:\/\/moon-advisory.com\/wp-content\/uploads\/2024\/07\/portfolio-2-1.jpg' alt='' \/>                            <\/a>\n                                                    <\/div>\n                                                            <div class=\"content\" >\n                                                    <h5><a href=\"https:\/\/moon-advisory.com\/index.php\/service\/conformite-controle-interne\/\"  >Conformit\u00e9 et contr\u00f4le interne<\/a><\/h5>\n                                                                                                    <p>Assurez la conformit\u00e9 et renforcez votre contr\u00f4le interne gr\u00e2ce \u00e0 notre savoir-faire et nos solutions personnalis\u00e9es, con\u00e7ues pour r\u00e9pondre aux exigences sp\u00e9cifiques de votre entreprise<\/p>\n                                                                            <a class=\"read_more\"\n                               href=\"https:\/\/moon-advisory.com\/index.php\/service\/conformite-controle-interne\/\" >\n                                <span>read more<\/span>\n                                <i class=\"fa fa-chevron-right\"><\/i>\n                            <\/a>\n                                            <\/div>\n                <\/div>\n            <\/div>\n                    <div class=\"item\">\n                <div class=\"item_wr\">\n                                            \n                        <div class=\"item_thumbnail\">\n                            <a href=\"https:\/\/moon-advisory.com\/index.php\/service\/amelioration-performance\/\">\n                                <img src='https:\/\/moon-advisory.com\/wp-content\/uploads\/2024\/07\/portfolio-3-1.jpg' alt='' \/>                            <\/a>\n                                                    <\/div>\n                                                            <div class=\"content\" >\n                                                    <h5><a href=\"https:\/\/moon-advisory.com\/index.php\/service\/amelioration-performance\/\"  >Transformation et am\u00e9lioration de la performance<\/a><\/h5>\n                                                                                                    <p>Boostez votre performance et transformez vos outils avec nos solutions innovantes et sur mesure, con\u00e7ues pour optimiser vos processus, am\u00e9liorer votre efficacit\u00e9 op\u00e9rationnelle et atteindre vos objectifs strat\u00e9giques.<\/p>\n                                                                            <a class=\"read_more\"\n                               href=\"https:\/\/moon-advisory.com\/index.php\/service\/amelioration-performance\/\" >\n                                <span>read more<\/span>\n                                <i class=\"fa fa-chevron-right\"><\/i>\n                            <\/a>\n                                            <\/div>\n                <\/div>\n            <\/div>\n                    <div class=\"item\">\n                <div class=\"item_wr\">\n                                            \n                        <div class=\"item_thumbnail\">\n                            <a href=\"https:\/\/moon-advisory.com\/index.php\/service\/formation\/\">\n                                <img src='https:\/\/moon-advisory.com\/wp-content\/uploads\/2024\/07\/portfolio-4-1.jpg' alt='' \/>                            <\/a>\n                                                    <\/div>\n                                                            <div class=\"content\" >\n                                                    <h5><a href=\"https:\/\/moon-advisory.com\/index.php\/service\/formation\/\"  >Moon Academy : formation en gestion des risques<\/a><\/h5>\n                                                                                                    <p>D\u00e9veloppez vos comp\u00e9tences et ma\u00eetrisez la gestion des risques avec nos programmes de formation sp\u00e9cialis\u00e9s, con\u00e7us pour r\u00e9pondre \u00e0 vos besoins sp\u00e9cifiques et vous pr\u00e9parer \u00e0 relever les d\u00e9fis du march\u00e9 financier.<\/p>\n                                                                            <a class=\"read_more\"\n                               href=\"https:\/\/moon-advisory.com\/index.php\/service\/formation\/\" >\n                                <span>read more<\/span>\n                                <i class=\"fa fa-chevron-right\"><\/i>\n                            <\/a>\n                                            <\/div>\n                <\/div>\n            <\/div>\n            <\/div>\n\t\t<\/div>\n\t\t\t\t<\/div>\n\t\t\t\t\t<\/div>\n\t\t<\/div>\n\t\t\t\t<div class=\"elementor-column elementor-col-25 elementor-top-column elementor-element elementor-element-8392c1d elementor-hidden-tablet elementor-hidden-phone\" data-id=\"8392c1d\" data-element_type=\"column\">\n\t\t\t<div class=\"elementor-widget-wrap elementor-element-populated\">\n\t\t\t\t\t\t<div class=\"elementor-element elementor-element-83931ab elementor-widget elementor-widget-stm_sidebar\" data-id=\"83931ab\" data-element_type=\"widget\" data-widget_type=\"stm_sidebar.default\">\n\t\t\t\t<div class=\"elementor-widget-container\">\n\t\t\t\n<div class=\"stm_sidebar consulting_elementor_sidebar\">\n\n            \t\t<div data-elementor-type=\"wp-post\" data-elementor-id=\"577\" class=\"elementor elementor-577\">\n\t\t\t\t\t\t<section class=\"elementor-section elementor-top-section elementor-element elementor-element-6569874 elementor-section-boxed elementor-section-height-default elementor-section-height-default\" data-id=\"6569874\" data-element_type=\"section\">\n\t\t\t\t\t\t<div class=\"elementor-container elementor-column-gap-default\">\n\t\t\t\t\t<div class=\"elementor-column elementor-col-100 elementor-top-column elementor-element elementor-element-6569ffe\" data-id=\"6569ffe\" data-element_type=\"column\">\n\t\t\t<div class=\"elementor-widget-wrap elementor-element-populated\">\n\t\t\t\t\t\t<div class=\"elementor-element elementor-element-656a63e elementor-widget elementor-widget-wp-widget-nav_menu\" data-id=\"656a63e\" data-element_type=\"widget\" data-widget_type=\"wp-widget-nav_menu.default\">\n\t\t\t\t<div class=\"elementor-widget-container\">\n\t\t\t<aside class='widget widget_nav_menu'><div class=\"menu-sidebar-menu-2-container\"><ul id=\"menu-sidebar-menu-2\" class=\"menu\"><li id=\"menu-item-15906\" class=\"menu-item menu-item-type-post_type menu-item-object-stm_service menu-item-15906\"><a href=\"https:\/\/moon-advisory.com\/index.php\/service\/risques-finance\/\">Risques et finance<\/a><\/li>\n<li id=\"menu-item-15679\" class=\"menu-item menu-item-type-post_type menu-item-object-stm_service menu-item-15679\"><a href=\"https:\/\/moon-advisory.com\/index.php\/service\/transformation-reglementaire-prudentielle\/\">Transformation r\u00e9glementaire et prudentielle<\/a><\/li>\n<li id=\"menu-item-15680\" class=\"menu-item menu-item-type-post_type menu-item-object-stm_service menu-item-15680\"><a href=\"https:\/\/moon-advisory.com\/index.php\/service\/conformite-controle-interne\/\">Conformit\u00e9 et contr\u00f4le interne<\/a><\/li>\n<li id=\"menu-item-15681\" class=\"menu-item menu-item-type-post_type menu-item-object-stm_service menu-item-15681\"><a href=\"https:\/\/moon-advisory.com\/index.php\/service\/amelioration-performance\/\">Transformation et am\u00e9lioration de la performance<\/a><\/li>\n<li id=\"menu-item-15905\" class=\"menu-item menu-item-type-post_type menu-item-object-stm_service menu-item-15905\"><a href=\"https:\/\/moon-advisory.com\/index.php\/service\/formation\/\">Moon Academy : formation en gestion des risques<\/a><\/li>\n<\/ul><\/div><\/aside>\t\t<\/div>\n\t\t\t\t<\/div>\n\t\t\t\t<div class=\"elementor-element elementor-element-656a928 elementor-align-left elementor-widget elementor-widget-button\" data-id=\"656a928\" data-element_type=\"widget\" data-widget_type=\"button.default\">\n\t\t\t\t<div class=\"elementor-widget-container\">\n\t\t\t\t\t\t\t<div class=\"elementor-button-wrapper icon_align_  button_block\">\n\t\t\t\t\t<a class=\"elementor-button elementor-button-link elementor-size-md\" href=\"#\">\n\t\t\t\t\t\t<span class=\"elementor-button-content-wrapper\">\n\t\t\t\t\t\t<span class=\"elementor-button-icon\">\n\t\t\t\t<svg aria-hidden=\"true\" class=\"e-font-icon-svg e-far-file-pdf\" viewBox=\"0 0 384 512\" xmlns=\"http:\/\/www.w3.org\/2000\/svg\"><path d=\"M369.9 97.9L286 14C277 5 264.8-.1 252.1-.1H48C21.5 0 0 21.5 0 48v416c0 26.5 21.5 48 48 48h288c26.5 0 48-21.5 48-48V131.9c0-12.7-5.1-25-14.1-34zM332.1 128H256V51.9l76.1 76.1zM48 464V48h160v104c0 13.3 10.7 24 24 24h104v288H48zm250.2-143.7c-12.2-12-47-8.7-64.4-6.5-17.2-10.5-28.7-25-36.8-46.3 3.9-16.1 10.1-40.6 5.4-56-4.2-26.2-37.8-23.6-42.6-5.9-4.4 16.1-.4 38.5 7 67.1-10 23.9-24.9 56-35.4 74.4-20 10.3-47 26.2-51 46.2-3.3 15.8 26 55.2 76.1-31.2 22.4-7.4 46.8-16.5 68.4-20.1 18.9 10.2 41 17 55.8 17 25.5 0 28-28.2 17.5-38.7zm-198.1 77.8c5.1-13.7 24.5-29.5 30.4-35-19 30.3-30.4 35.7-30.4 35zm81.6-190.6c7.4 0 6.7 32.1 1.8 40.8-4.4-13.9-4.3-40.8-1.8-40.8zm-24.4 136.6c9.7-16.9 18-37 24.7-54.7 8.3 15.1 18.9 27.2 30.1 35.5-20.8 4.3-38.9 13.1-54.8 19.2zm131.6-5s-5 6-37.3-7.8c35.1-2.6 40.9 5.4 37.3 7.8z\"><\/path><\/svg>\t\t\t<\/span>\n\t\t\t\t\t\t\t\t\t<span class=\"elementor-button-text\">Pr\u00e9sentation du Cabinet<\/span>\n\t\t\t\t\t<\/span>\n\t\t\t\t\t<\/a>\n\t\t\t\t<\/div>\n\t\t\t\t\t\t<\/div>\n\t\t\t\t<\/div>\n\t\t\t\t\t<\/div>\n\t\t<\/div>\n\t\t\t\t\t<\/div>\n\t\t<\/section>\n\t\t\t\t<section class=\"elementor-section elementor-top-section elementor-element elementor-element-d906324 elementor-section-boxed elementor-section-height-default elementor-section-height-default\" data-id=\"d906324\" data-element_type=\"section\">\n\t\t\t\t\t\t<div class=\"elementor-container elementor-column-gap-default\">\n\t\t\t\t\t<div class=\"elementor-column elementor-col-100 elementor-top-column elementor-element elementor-element-0f02922\" data-id=\"0f02922\" data-element_type=\"column\" data-settings=\"{&quot;background_background&quot;:&quot;classic&quot;}\">\n\t\t\t<div class=\"elementor-widget-wrap elementor-element-populated\">\n\t\t\t\t\t\t<section class=\"elementor-section elementor-inner-section elementor-element elementor-element-f1df8e7 elementor-section-boxed elementor-section-height-default elementor-section-height-default\" data-id=\"f1df8e7\" data-element_type=\"section\" data-settings=\"{&quot;background_background&quot;:&quot;classic&quot;}\">\n\t\t\t\t\t\t<div class=\"elementor-container elementor-column-gap-default\">\n\t\t\t\t\t<div class=\"elementor-column elementor-col-100 elementor-inner-column elementor-element elementor-element-77b5451\" data-id=\"77b5451\" data-element_type=\"column\" data-settings=\"{&quot;background_background&quot;:&quot;classic&quot;}\">\n\t\t\t<div class=\"elementor-widget-wrap elementor-element-populated\">\n\t\t\t\t\t\t<div class=\"elementor-element elementor-element-a145204 elementor-widget elementor-widget-vc_custom_heading\" data-id=\"a145204\" data-element_type=\"widget\" data-widget_type=\"vc_custom_heading.default\">\n\t\t\t\t<div class=\"elementor-widget-container\">\n\t\t\t<div class=\" vc_custom_heading  consulting_heading_font  text_align_left title_no_stripe\" ><div style=\"font-size: 16px;text-align: left;font-weight:700\" class=\"consulting-custom-title\">Besoin d'aide ?\n<\/div><\/div>\t\t<\/div>\n\t\t\t\t<\/div>\n\t\t\t\t<div class=\"elementor-element elementor-element-8f5a3c7 elementor-widget__width-auto elementor-widget elementor-widget-button\" data-id=\"8f5a3c7\" data-element_type=\"widget\" data-widget_type=\"button.default\">\n\t\t\t\t<div class=\"elementor-widget-container\">\n\t\t\t\t\t\t\t<div class=\"elementor-button-wrapper icon_align_  \">\n\t\t\t\t\t<a class=\"elementor-button elementor-button-link elementor-size-md\" href=\"\/contact-us\/\">\n\t\t\t\t\t\t<span class=\"elementor-button-content-wrapper\">\n\t\t\t\t\t\t<span class=\"elementor-button-icon\">\n\t\t\t\t<svg aria-hidden=\"true\" class=\"e-font-icon-svg e-fas-phone-square-alt\" viewBox=\"0 0 448 512\" xmlns=\"http:\/\/www.w3.org\/2000\/svg\"><path d=\"M400 32H48A48 48 0 0 0 0 80v352a48 48 0 0 0 48 48h352a48 48 0 0 0 48-48V80a48 48 0 0 0-48-48zm-16.39 307.37l-15 65A15 15 0 0 1 354 416C194 416 64 286.29 64 126a15.7 15.7 0 0 1 11.63-14.61l65-15A18.23 18.23 0 0 1 144 96a16.27 16.27 0 0 1 13.79 9.09l30 70A17.9 17.9 0 0 1 189 181a17 17 0 0 1-5.5 11.61l-37.89 31a231.91 231.91 0 0 0 110.78 110.78l31-37.89A17 17 0 0 1 299 291a17.85 17.85 0 0 1 5.91 1.21l70 30A16.25 16.25 0 0 1 384 336a17.41 17.41 0 0 1-.39 3.37z\"><\/path><\/svg>\t\t\t<\/span>\n\t\t\t\t\t\t\t\t\t<span class=\"elementor-button-text\">contactez nous<\/span>\n\t\t\t\t\t<\/span>\n\t\t\t\t\t<\/a>\n\t\t\t\t<\/div>\n\t\t\t\t\t\t<\/div>\n\t\t\t\t<\/div>\n\t\t\t\t\t<\/div>\n\t\t<\/div>\n\t\t\t\t\t<\/div>\n\t\t<\/section>\n\t\t\t\t\t<\/div>\n\t\t<\/div>\n\t\t\t\t\t<\/div>\n\t\t<\/section>\n\t\t\t\t<\/div>\n\t\t    \n<\/div>\t\t<\/div>\n\t\t\t\t<\/div>\n\t\t\t\t\t<\/div>\n\t\t<\/div>\n\t\t\t\t\t<\/div>\n\t\t<\/section>\n\t\t<div class=\"elementor-element elementor-element-3088ac3 e-flex e-con-boxed e-con e-parent\" data-id=\"3088ac3\" data-element_type=\"container\">\n\t\t\t\t\t<div class=\"e-con-inner\">\n\t\t\t\t<div class=\"elementor-element elementor-element-6e5ddba elementor-widget elementor-widget-heading\" data-id=\"6e5ddba\" data-element_type=\"widget\" data-widget_type=\"heading.default\">\n\t\t\t\t<div class=\"elementor-widget-container\">\n\t\t\t<h2 class=\"elementor-heading-title elementor-size-default\">Notre offre repose sur des expertises transversales :<\/h2>\t\t<\/div>\n\t\t\t\t<\/div>\n\t\t\t\t\t<\/div>\n\t\t\t\t<\/div>\n\t\t\t\t<section class=\"elementor-section elementor-top-section elementor-element elementor-element-ab34a57 elementor-section-boxed elementor-section-height-default elementor-section-height-default\" data-id=\"ab34a57\" data-element_type=\"section\" data-settings=\"{&quot;background_background&quot;:&quot;classic&quot;}\">\n\t\t\t\t\t\t<div class=\"elementor-container elementor-column-gap-default\">\n\t\t\t\t\t<div class=\"elementor-column elementor-col-50 elementor-top-column elementor-element elementor-element-0592708\" data-id=\"0592708\" data-element_type=\"column\">\n\t\t\t<div class=\"elementor-widget-wrap elementor-element-populated\">\n\t\t\t\t\t\t<div class=\"elementor-element elementor-element-aabafa3 elementor-widget elementor-widget-stm_icon_box\" data-id=\"aabafa3\" data-element_type=\"widget\" data-widget_type=\"stm_icon_box.default\">\n\t\t\t\t<div class=\"elementor-widget-container\">\n\t\t\t\n\n    <div class=\"icon_box  elementor-consulting-icon-box style_2 alignment_left clearfix\">\n<div class=\"icon_box_inner\">\n            <div class=\"icon  font-color_third\" style=\"width:65px\">\n            <i style=\"font-size:25px; \"\n               class=\"fas fa-dice-one\"><\/i><\/div>\n                <h5  class=\"font-color_base\">Strat\u00e9gie, Organisation et Gouvernance\n<\/h5>\n    <\/div>\n    <\/div>\n\t\t<\/div>\n\t\t\t\t<\/div>\n\t\t\t\t<div class=\"elementor-element elementor-element-747b6b1 elementor-widget elementor-widget-stm_icon_box\" data-id=\"747b6b1\" data-element_type=\"widget\" data-widget_type=\"stm_icon_box.default\">\n\t\t\t\t<div class=\"elementor-widget-container\">\n\t\t\t\n\n    <div class=\"icon_box  elementor-consulting-icon-box style_2 alignment_left clearfix\">\n<div class=\"icon_box_inner\">\n            <div class=\"icon  font-color_third\" style=\"width:65px\">\n            <i style=\"font-size:25px; \"\n               class=\"fas fa-dice-two\"><\/i><\/div>\n                <h5  class=\"font-color_base\">Optimisation et s\u00e9curisation des process, normes et proc\u00e9dures\n<\/h5>\n    <\/div>\n    <\/div>\n\t\t<\/div>\n\t\t\t\t<\/div>\n\t\t\t\t<div class=\"elementor-element elementor-element-1df3590 elementor-widget elementor-widget-stm_icon_box\" data-id=\"1df3590\" data-element_type=\"widget\" data-widget_type=\"stm_icon_box.default\">\n\t\t\t\t<div class=\"elementor-widget-container\">\n\t\t\t\n\n    <div class=\"icon_box  elementor-consulting-icon-box style_2 alignment_left clearfix\">\n<div class=\"icon_box_inner\">\n            <div class=\"icon  font-color_third\" style=\"width:65px\">\n            <i style=\"font-size:25px; \"\n               class=\"fas fa-dice-three\"><\/i><\/div>\n                <h5  class=\"font-color_base\">Architecture et strat\u00e9gie des SI, MOA\n<\/h5>\n    <\/div>\n    <\/div>\n\t\t<\/div>\n\t\t\t\t<\/div>\n\t\t\t\t\t<\/div>\n\t\t<\/div>\n\t\t\t\t<div class=\"elementor-column elementor-col-50 elementor-top-column elementor-element elementor-element-cb3d3f2 elementor-hidden-tablet elementor-hidden-phone\" data-id=\"cb3d3f2\" data-element_type=\"column\">\n\t\t\t<div class=\"elementor-widget-wrap elementor-element-populated\">\n\t\t\t\t\t\t<div class=\"elementor-element elementor-element-1ebff4f elementor-widget elementor-widget-stm_icon_box\" data-id=\"1ebff4f\" data-element_type=\"widget\" data-widget_type=\"stm_icon_box.default\">\n\t\t\t\t<div class=\"elementor-widget-container\">\n\t\t\t\n\n    <div class=\"icon_box  elementor-consulting-icon-box style_2 alignment_left clearfix\">\n<div class=\"icon_box_inner\">\n            <div class=\"icon  font-color_third\" style=\"width:65px\">\n            <i style=\"font-size:25px; \"\n               class=\"fas fa-dice-four\"><\/i><\/div>\n                <h5  class=\"font-color_base\">Conduite du changement, formation et coaching\n<\/h5>\n    <\/div>\n    <\/div>\n\t\t<\/div>\n\t\t\t\t<\/div>\n\t\t\t\t<div class=\"elementor-element elementor-element-48d0f4c elementor-widget__width-initial elementor-widget elementor-widget-stm_icon_box\" data-id=\"48d0f4c\" data-element_type=\"widget\" data-widget_type=\"stm_icon_box.default\">\n\t\t\t\t<div class=\"elementor-widget-container\">\n\t\t\t\n\n    <div class=\"icon_box  elementor-consulting-icon-box style_2 alignment_left clearfix\">\n<div class=\"icon_box_inner\">\n            <div class=\"icon  font-color_third\" style=\"width:65px\">\n            <i style=\"font-size:25px; \"\n               class=\"fas fa-dice-five\"><\/i><\/div>\n                <h5  class=\"font-color_base\">project management,<br \/>\nPMO\n<\/h5>\n    <\/div>\n    <\/div>\n\t\t<\/div>\n\t\t\t\t<\/div>\n\t\t\t\t\t<\/div>\n\t\t<\/div>\n\t\t\t\t\t<\/div>\n\t\t<\/section>\n\t\t\t\t<section class=\"elementor-section elementor-top-section elementor-element elementor-element-3d5b35f third_bg_color elementor-section-stretched elementor-section-boxed elementor-section-height-default elementor-section-height-default\" data-id=\"3d5b35f\" data-element_type=\"section\" data-settings=\"{&quot;background_background&quot;:&quot;classic&quot;,&quot;stretch_section&quot;:&quot;section-stretched&quot;}\">\n\t\t\t\t\t\t<div class=\"elementor-container elementor-column-gap-default\">\n\t\t\t\t\t<div class=\"elementor-column elementor-col-100 elementor-top-column elementor-element elementor-element-6212eaf\" data-id=\"6212eaf\" data-element_type=\"column\">\n\t\t\t<div class=\"elementor-widget-wrap elementor-element-populated\">\n\t\t\t\t\t\t<div class=\"elementor-element elementor-element-77a1b25 elementor-widget elementor-widget-vc_cta\" data-id=\"77a1b25\" data-element_type=\"widget\" data-widget_type=\"vc_cta.default\">\n\t\t\t\t<div class=\"elementor-widget-container\">\n\t\t\t\n<div class=\"ce_cta ce_cta_a87b1b163efc025dd5d55b86b9f93764 ce_text_left third_bg_color add_button_right btn_align_right btn_button_block_true btn_has_icon btn_has_icon_on_the_right\" id=\"\">\n\t<div class=\"ce_cta__content\">\n\t\t<div class=\"ce_cta__content__header\">\n\t\t\t<h2  class='ce_cta__content__title '>Vous recherchez un consultant qualifi\u00e9 en gestion des risques ?<\/h2>\t\t<\/div>\n\t\t\t<\/div>\n\n\t\t<div class=\"ce_cta__action\">\n\t\t<a\n\t\t\thref=\"\/index.php\/contact-us\/\"\n\t\t\t\t\t\ttarget=\"_self\"\n\t\t\tclass=\"button\n\t\t\t\t\t\">\n\t\t\t<span>Contactez nous<\/span>\n\t\t\t\t\t\t<i class=\" stm-right-arrow\"><\/i>\n\t\t\t\t\t<\/a>\n\t<\/div>\n\t<\/div>\n\t\t<\/div>\n\t\t\t\t<\/div>\n\t\t\t\t\t<\/div>\n\t\t<\/div>\n\t\t\t\t\t<\/div>\n\t\t<\/section>\n\t\t\t\t<\/div>\n\t\t","protected":false},"excerpt":{"rendered":"<p>Risques et finance Ma\u00eetrisez l\u2019incertitude et s\u00e9curisez vos processus gr\u00e2ce \u00e0 nos solutions alliant innovation et rigueur. Lire plus Transformation r\u00e9glementaire et prudentielle Naviguez avec confiance dans un paysage r\u00e9glementaire en constante \u00e9volution gr\u00e2ce \u00e0 notre expertise en transformation prudentielle. Lire plus Conformit\u00e9 et contr\u00f4le interne Assurez la conformit\u00e9 et renforcez votre contr\u00f4le interne gr\u00e2ce<\/p>\n","protected":false},"author":1,"featured_media":0,"parent":0,"menu_order":0,"comment_status":"closed","ping_status":"closed","template":"","meta":{"footnotes":""},"class_list":["post-558","page","type-page","status-publish","hentry"],"rttpg_featured_image_url":null,"rttpg_author":{"display_name":"Mourad","author_link":"https:\/\/moon-advisory.com\/index.php\/author\/admin3675\/"},"rttpg_comment":0,"rttpg_category":null,"rttpg_excerpt":"Risques et finance Ma\u00eetrisez l\u2019incertitude et s\u00e9curisez vos processus gr\u00e2ce \u00e0 nos solutions alliant innovation et rigueur. Lire plus Transformation r\u00e9glementaire et prudentielle Naviguez avec confiance dans un paysage r\u00e9glementaire en constante \u00e9volution gr\u00e2ce \u00e0 notre expertise en transformation prudentielle. Lire plus Conformit\u00e9 et contr\u00f4le interne Assurez la conformit\u00e9 et renforcez votre contr\u00f4le interne gr\u00e2ce","_links":{"self":[{"href":"https:\/\/moon-advisory.com\/index.php\/wp-json\/wp\/v2\/pages\/558","targetHints":{"allow":["GET"]}}],"collection":[{"href":"https:\/\/moon-advisory.com\/index.php\/wp-json\/wp\/v2\/pages"}],"about":[{"href":"https:\/\/moon-advisory.com\/index.php\/wp-json\/wp\/v2\/types\/page"}],"author":[{"embeddable":true,"href":"https:\/\/moon-advisory.com\/index.php\/wp-json\/wp\/v2\/users\/1"}],"replies":[{"embeddable":true,"href":"https:\/\/moon-advisory.com\/index.php\/wp-json\/wp\/v2\/comments?post=558"}],"version-history":[{"count":17,"href":"https:\/\/moon-advisory.com\/index.php\/wp-json\/wp\/v2\/pages\/558\/revisions"}],"predecessor-version":[{"id":16083,"href":"https:\/\/moon-advisory.com\/index.php\/wp-json\/wp\/v2\/pages\/558\/revisions\/16083"}],"wp:attachment":[{"href":"https:\/\/moon-advisory.com\/index.php\/wp-json\/wp\/v2\/media?parent=558"}],"curies":[{"name":"wp","href":"https:\/\/api.w.org\/{rel}","templated":true}]}}